{"id":76,"date":"2023-01-24T10:12:43","date_gmt":"2023-01-24T09:12:43","guid":{"rendered":"https:\/\/www.test.manuracks.fr\/?page_id=76"},"modified":"2025-07-23T09:49:46","modified_gmt":"2025-07-23T07:49:46","slug":"commercial-par-secteur-geographique","status":"publish","type":"page","link":"https:\/\/www.manuracks.fr\/?page_id=76","title":{"rendered":"Commercial par secteur g\u00e9ographique"},"content":{"rendered":"\t\t<div data-elementor-type=\"wp-page\" data-elementor-id=\"76\" class=\"elementor elementor-76\">\n\t\t\t\t\t\t\t\t\t<section class=\"elementor-section elementor-top-section elementor-element elementor-element-c31f446 elementor-section-boxed elementor-section-height-default elementor-section-height-default\" data-id=\"c31f446\" data-element_type=\"section\">\n\t\t\t\t\t\t<div class=\"elementor-container elementor-column-gap-default\">\n\t\t\t\t\t<div class=\"elementor-column elementor-col-100 elementor-top-column elementor-element elementor-element-9e60ae4\" data-id=\"9e60ae4\" data-element_type=\"column\">\n\t\t\t<div class=\"elementor-widget-wrap elementor-element-populated\">\n\t\t\t\t\t\t\t\t<div class=\"elementor-element elementor-element-b5f4fd2 elementor-button-danger elementor-widget elementor-widget-button\" data-id=\"b5f4fd2\" data-element_type=\"widget\" data-widget_type=\"button.default\">\n\t\t\t\t<div class=\"elementor-widget-container\">\n\t\t\t\t\t<div class=\"elementor-button-wrapper\">\n\t\t\t<a href=\"https:\/\/www.manuracks.fr\/\" class=\"elementor-button-link elementor-button elementor-size-sm\" role=\"button\">\n\t\t\t\t\t\t<span class=\"elementor-button-content-wrapper\">\n\t\t\t\t\t\t<span class=\"elementor-button-text\">Retour<\/span>\n\t\t<\/span>\n\t\t\t\t\t<\/a>\n\t\t<\/div>\n\t\t\t\t<\/div>\n\t\t\t\t<\/div>\n\t\t\t\t<div class=\"elementor-element elementor-element-d269c85 elementor-widget elementor-widget-heading\" data-id=\"d269c85\" data-element_type=\"widget\" data-widget_type=\"heading.default\">\n\t\t\t\t<div class=\"elementor-widget-container\">\n\t\t\t<style>\/*! elementor - v3.10.1 - 17-01-2023 *\/\n.elementor-heading-title{padding:0;margin:0;line-height:1}.elementor-widget-heading .elementor-heading-title[class*=elementor-size-]>a{color:inherit;font-size:inherit;line-height:inherit}.elementor-widget-heading .elementor-heading-title.elementor-size-small{font-size:15px}.elementor-widget-heading .elementor-heading-title.elementor-size-medium{font-size:19px}.elementor-widget-heading .elementor-heading-title.elementor-size-large{font-size:29px}.elementor-widget-heading .elementor-heading-title.elementor-size-xl{font-size:39px}.elementor-widget-heading .elementor-heading-title.elementor-size-xxl{font-size:59px}<\/style><h3 class=\"elementor-heading-title elementor-size-default\">Commerciaux :<\/h3>\t\t<\/div>\n\t\t\t\t<\/div>\n\t\t\t\t\t<\/div>\n\t\t<\/div>\n\t\t\t\t\t\t\t<\/div>\n\t\t<\/section>\n\t\t\t\t<section class=\"elementor-section elementor-top-section elementor-element elementor-element-3c10a62 elementor-section-boxed elementor-section-height-default elementor-section-height-default\" data-id=\"3c10a62\" data-element_type=\"section\">\n\t\t\t\t\t\t<div class=\"elementor-container elementor-column-gap-default\">\n\t\t\t\t\t<div class=\"elementor-column elementor-col-33 elementor-top-column elementor-element elementor-element-df669e0\" data-id=\"df669e0\" data-element_type=\"column\">\n\t\t\t<div class=\"elementor-widget-wrap elementor-element-populated\">\n\t\t\t\t\t\t\t\t<div class=\"elementor-element elementor-element-82ca3f8 elementor-widget elementor-widget-text-editor\" data-id=\"82ca3f8\" data-element_type=\"widget\" data-widget_type=\"text-editor.default\">\n\t\t\t\t<div class=\"elementor-widget-container\">\n\t\t\t<style>\/*! elementor - v3.10.1 - 17-01-2023 *\/\n.elementor-widget-text-editor.elementor-drop-cap-view-stacked .elementor-drop-cap{background-color:#818a91;color:#fff}.elementor-widget-text-editor.elementor-drop-cap-view-framed .elementor-drop-cap{color:#818a91;border:3px solid;background-color:transparent}.elementor-widget-text-editor:not(.elementor-drop-cap-view-default) .elementor-drop-cap{margin-top:8px}.elementor-widget-text-editor:not(.elementor-drop-cap-view-default) .elementor-drop-cap-letter{width:1em;height:1em}.elementor-widget-text-editor .elementor-drop-cap{float:left;text-align:center;line-height:1;font-size:50px}.elementor-widget-text-editor .elementor-drop-cap-letter{display:inline-block}<\/style>\t\t\t\t<p><b>Joachim SENECHAL<\/b><br \/>06 33 62 88 07<br \/><a href=\"mailto:j.senechal@manuracks.fr\">j.senechal@manuracks.fr<\/a><\/p><p><b>Secteur(s) :<\/b><\/p><ul><li>Normandie<\/li><li>Pays de la Loire (Sarthe et Mayenne)<\/li><li>Ile de France\u00a0<\/li><\/ul>\t\t\t\t\t\t<\/div>\n\t\t\t\t<\/div>\n\t\t\t\t\t<\/div>\n\t\t<\/div>\n\t\t\t\t<div class=\"elementor-column elementor-col-33 elementor-top-column elementor-element elementor-element-e87eb26\" data-id=\"e87eb26\" data-element_type=\"column\">\n\t\t\t<div class=\"elementor-widget-wrap elementor-element-populated\">\n\t\t\t\t\t\t\t\t<div class=\"elementor-element elementor-element-22b69b2 elementor-widget elementor-widget-text-editor\" data-id=\"22b69b2\" data-element_type=\"widget\" data-widget_type=\"text-editor.default\">\n\t\t\t\t<div class=\"elementor-widget-container\">\n\t\t\t\t\t\t\t<p><b>Damien CHEVRIER<\/b><br \/>06 17 90 65 75<br \/><a href=\"mailto:j.senechal@manuracks.fr\">d.chevrier@manuracks.fr<\/a><\/p><p><b>Secteur(s) :<\/b><\/p><ul><li>Pays de la Loire (Maine et Loire, Vend\u00e9e)<\/li><li>Nouvelle Aquitaine<\/li><li>Centre Val de Loire (Indre et Loire)<\/li><\/ul>\t\t\t\t\t\t<\/div>\n\t\t\t\t<\/div>\n\t\t\t\t\t<\/div>\n\t\t<\/div>\n\t\t\t\t<div class=\"elementor-column elementor-col-33 elementor-top-column elementor-element elementor-element-79a1d03\" data-id=\"79a1d03\" data-element_type=\"column\">\n\t\t\t<div class=\"elementor-widget-wrap elementor-element-populated\">\n\t\t\t\t\t\t\t\t<div class=\"elementor-element elementor-element-28452e5 elementor-widget elementor-widget-text-editor\" data-id=\"28452e5\" data-element_type=\"widget\" data-widget_type=\"text-editor.default\">\n\t\t\t\t<div class=\"elementor-widget-container\">\n\t\t\t\t\t\t\t<p><b>J\u00e9r\u00f4me JAUNAULT<\/b><br>06 71 00 14 39<br><a href=\"mailto:j.jaunault@manuracks.fr\">j.jaunault@manuracks.fr<\/a><\/p>\n<p><b style=\"font-family: var( --e-global-typography-text-font-family ), Sans-serif;\">Secteur(s) :<\/b><\/p>\n<ul>\n<li>Pays de la Loire (Loire Atlantique)<\/li>\n<li>Bretagne<\/li>\n<\/ul><div><br><\/div>\t\t\t\t\t\t<\/div>\n\t\t\t\t<\/div>\n\t\t\t\t\t<\/div>\n\t\t<\/div>\n\t\t\t\t\t\t\t<\/div>\n\t\t<\/section>\n\t\t\t\t<section class=\"elementor-section elementor-top-section elementor-element elementor-element-9aea168 elementor-section-boxed elementor-section-height-default elementor-section-height-default\" data-id=\"9aea168\" data-element_type=\"section\">\n\t\t\t\t\t\t<div class=\"elementor-container elementor-column-gap-default\">\n\t\t\t\t\t<div class=\"elementor-column elementor-col-100 elementor-top-column elementor-element elementor-element-1df9b4d\" data-id=\"1df9b4d\" data-element_type=\"column\">\n\t\t\t<div class=\"elementor-widget-wrap elementor-element-populated\">\n\t\t\t\t\t\t\t\t<div class=\"elementor-element elementor-element-f08c83b elementor-widget elementor-widget-text-editor\" data-id=\"f08c83b\" data-element_type=\"widget\" data-widget_type=\"text-editor.default\">\n\t\t\t\t<div class=\"elementor-widget-container\">\n\t\t\t\t\t\t\t<p>Autres secteurs g\u00e9ographiques sur demande\u00a0:\u00a0 appeler le <strong>02 43 78 97 48<\/strong><\/p>\t\t\t\t\t\t<\/div>\n\t\t\t\t<\/div>\n\t\t\t\t\t<\/div>\n\t\t<\/div>\n\t\t\t\t\t\t\t<\/div>\n\t\t<\/section>\n\t\t\t\t\t\t\t<\/div>\n\t\t","protected":false},"excerpt":{"rendered":"<p>Retour Commerciaux : Joachim SENECHAL06 33 62 88 07j.senechal@manuracks.fr Secteur(s) : Normandie Pays de la Loire (Sarthe et Mayenne) Ile de France\u00a0 Damien CHEVRIER06 17 90 65 75d.chevrier@manuracks.fr Secteur(s) : Pays de la Loire (Maine et Loire, Vend\u00e9e) Nouvelle Aquitaine Centre Val de Loire (Indre et Loire) J\u00e9r\u00f4me JAUNAULT06 71 00 14 39j.jaunault@manuracks.fr Secteur(s) : Pays de la Loire (Loire Atlantique) Bretagne Autres secteurs g\u00e9ographiques [&hellip;]<\/p>\n","protected":false},"author":4,"featured_media":0,"parent":0,"menu_order":0,"comment_status":"closed","ping_status":"closed","template":"","meta":[],"_links":{"self":[{"href":"https:\/\/www.manuracks.fr\/index.php?rest_route=\/wp\/v2\/pages\/76"}],"collection":[{"href":"https:\/\/www.manuracks.fr\/index.php?rest_route=\/wp\/v2\/pages"}],"about":[{"href":"https:\/\/www.manuracks.fr\/index.php?rest_route=\/wp\/v2\/types\/page"}],"author":[{"embeddable":true,"href":"https:\/\/www.manuracks.fr\/index.php?rest_route=\/wp\/v2\/users\/4"}],"replies":[{"embeddable":true,"href":"https:\/\/www.manuracks.fr\/index.php?rest_route=%2Fwp%2Fv2%2Fcomments&post=76"}],"version-history":[{"count":110,"href":"https:\/\/www.manuracks.fr\/index.php?rest_route=\/wp\/v2\/pages\/76\/revisions"}],"predecessor-version":[{"id":2802,"href":"https:\/\/www.manuracks.fr\/index.php?rest_route=\/wp\/v2\/pages\/76\/revisions\/2802"}],"wp:attachment":[{"href":"https:\/\/www.manuracks.fr\/index.php?rest_route=%2Fwp%2Fv2%2Fmedia&parent=76"}],"curies":[{"name":"wp","href":"https:\/\/api.w.org\/{rel}","templated":true}]}}