{"id":211,"date":"2023-02-13T15:44:17","date_gmt":"2023-02-13T14:44:17","guid":{"rendered":"https:\/\/www.test.manuracks.fr\/?page_id=211"},"modified":"2025-06-23T16:14:20","modified_gmt":"2025-06-23T14:14:20","slug":"nos-produits","status":"publish","type":"page","link":"https:\/\/www.manuracks.fr\/?page_id=211","title":{"rendered":"Nos produits"},"content":{"rendered":"\t\t<div data-elementor-type=\"wp-page\" data-elementor-id=\"211\" class=\"elementor elementor-211\">\n\t\t\t\t\t\t\t\t\t<section class=\"elementor-section elementor-top-section elementor-element elementor-element-883329a elementor-section-boxed elementor-section-height-default elementor-section-height-default\" data-id=\"883329a\" data-element_type=\"section\">\n\t\t\t\t\t\t<div class=\"elementor-container elementor-column-gap-default\">\n\t\t\t\t\t<div class=\"elementor-column elementor-col-100 elementor-top-column elementor-element elementor-element-be956c5\" data-id=\"be956c5\" data-element_type=\"column\">\n\t\t\t<div class=\"elementor-widget-wrap elementor-element-populated\">\n\t\t\t\t\t\t\t\t<div class=\"elementor-element elementor-element-d6d297c elementor-button-danger elementor-widget elementor-widget-button\" data-id=\"d6d297c\" data-element_type=\"widget\" data-widget_type=\"button.default\">\n\t\t\t\t<div class=\"elementor-widget-container\">\n\t\t\t\t\t<div class=\"elementor-button-wrapper\">\n\t\t\t<a href=\"https:\/\/www.manuracks.fr\/\" class=\"elementor-button-link elementor-button elementor-size-sm\" role=\"button\">\n\t\t\t\t\t\t<span class=\"elementor-button-content-wrapper\">\n\t\t\t\t\t\t<span class=\"elementor-button-text\">Retour<\/span>\n\t\t<\/span>\n\t\t\t\t\t<\/a>\n\t\t<\/div>\n\t\t\t\t<\/div>\n\t\t\t\t<\/div>\n\t\t\t\t\t<\/div>\n\t\t<\/div>\n\t\t\t\t\t\t\t<\/div>\n\t\t<\/section>\n\t\t\t\t<section class=\"elementor-section elementor-top-section elementor-element elementor-element-a801385 elementor-section-boxed elementor-section-height-default elementor-section-height-default\" data-id=\"a801385\" data-element_type=\"section\">\n\t\t\t\t\t\t<div class=\"elementor-container elementor-column-gap-default\">\n\t\t\t\t\t<div class=\"elementor-column elementor-col-33 elementor-top-column elementor-element elementor-element-c8e88fb\" data-id=\"c8e88fb\" data-element_type=\"column\">\n\t\t\t<div class=\"elementor-widget-wrap elementor-element-populated\">\n\t\t\t\t\t\t\t\t<div class=\"elementor-element elementor-element-32e0cbc elementor-widget elementor-widget-image\" data-id=\"32e0cbc\" data-element_type=\"widget\" data-widget_type=\"image.default\">\n\t\t\t\t<div class=\"elementor-widget-container\">\n\t\t\t<style>\/*! elementor - v3.10.1 - 17-01-2023 *\/\n.elementor-widget-image{text-align:center}.elementor-widget-image a{display:inline-block}.elementor-widget-image a img[src$=\".svg\"]{width:48px}.elementor-widget-image img{vertical-align:middle;display:inline-block}<\/style>\t\t\t\t\t\t\t\t\t\t\t\t<img decoding=\"async\" width=\"1024\" height=\"768\" src=\"https:\/\/www.manuracks.fr\/wp-content\/uploads\/2024\/05\/Palettier-6.png\" class=\"attachment-large size-large wp-image-2714\" alt=\"\" loading=\"lazy\" srcset=\"https:\/\/www.manuracks.fr\/wp-content\/uploads\/2024\/05\/Palettier-6.png 1024w, https:\/\/www.manuracks.fr\/wp-content\/uploads\/2024\/05\/Palettier-6-300x225.png 300w, https:\/\/www.manuracks.fr\/wp-content\/uploads\/2024\/05\/Palettier-6-768x576.png 768w\" sizes=\"(max-width: 1024px) 100vw, 1024px\" \/>\t\t\t\t\t\t\t\t\t\t\t\t\t\t\t<\/div>\n\t\t\t\t<\/div>\n\t\t\t\t<div class=\"elementor-element elementor-element-c093478 elementor-widget elementor-widget-heading\" data-id=\"c093478\" data-element_type=\"widget\" data-widget_type=\"heading.default\">\n\t\t\t\t<div class=\"elementor-widget-container\">\n\t\t\t<style>\/*! elementor - v3.10.1 - 17-01-2023 *\/\n.elementor-heading-title{padding:0;margin:0;line-height:1}.elementor-widget-heading .elementor-heading-title[class*=elementor-size-]>a{color:inherit;font-size:inherit;line-height:inherit}.elementor-widget-heading .elementor-heading-title.elementor-size-small{font-size:15px}.elementor-widget-heading .elementor-heading-title.elementor-size-medium{font-size:19px}.elementor-widget-heading .elementor-heading-title.elementor-size-large{font-size:29px}.elementor-widget-heading .elementor-heading-title.elementor-size-xl{font-size:39px}.elementor-widget-heading .elementor-heading-title.elementor-size-xxl{font-size:59px}<\/style><h4 class=\"elementor-heading-title elementor-size-default\"><a href=\"https:\/\/www.manuracks.fr\/?page_id=551\">Rayonnage \u00e0 Palette<\/a><\/h4>\t\t<\/div>\n\t\t\t\t<\/div>\n\t\t\t\t\t<\/div>\n\t\t<\/div>\n\t\t\t\t<div class=\"elementor-column elementor-col-33 elementor-top-column elementor-element elementor-element-90bec33\" data-id=\"90bec33\" data-element_type=\"column\">\n\t\t\t<div class=\"elementor-widget-wrap elementor-element-populated\">\n\t\t\t\t\t\t\t\t<div class=\"elementor-element elementor-element-6ccc600 elementor-widget elementor-widget-image\" data-id=\"6ccc600\" data-element_type=\"widget\" data-widget_type=\"image.default\">\n\t\t\t\t<div class=\"elementor-widget-container\">\n\t\t\t\t\t\t\t\t\t\t\t\t\t\t\t<img decoding=\"async\" width=\"1024\" height=\"768\" src=\"https:\/\/www.manuracks.fr\/wp-content\/uploads\/2024\/05\/b2439b43-e945-4198-9577-c92f320fe1b3-002-1024x768.png\" class=\"attachment-large size-large wp-image-2697\" alt=\"\" loading=\"lazy\" srcset=\"https:\/\/www.manuracks.fr\/wp-content\/uploads\/2024\/05\/b2439b43-e945-4198-9577-c92f320fe1b3-002-1024x768.png 1024w, https:\/\/www.manuracks.fr\/wp-content\/uploads\/2024\/05\/b2439b43-e945-4198-9577-c92f320fe1b3-002-300x225.png 300w, https:\/\/www.manuracks.fr\/wp-content\/uploads\/2024\/05\/b2439b43-e945-4198-9577-c92f320fe1b3-002-768x576.png 768w, https:\/\/www.manuracks.fr\/wp-content\/uploads\/2024\/05\/b2439b43-e945-4198-9577-c92f320fe1b3-002-1536x1152.png 1536w, https:\/\/www.manuracks.fr\/wp-content\/uploads\/2024\/05\/b2439b43-e945-4198-9577-c92f320fe1b3-002.png 2016w\" sizes=\"(max-width: 1024px) 100vw, 1024px\" \/>\t\t\t\t\t\t\t\t\t\t\t\t\t\t\t<\/div>\n\t\t\t\t<\/div>\n\t\t\t\t<div class=\"elementor-element elementor-element-9d4146c elementor-widget elementor-widget-heading\" data-id=\"9d4146c\" data-element_type=\"widget\" data-widget_type=\"heading.default\">\n\t\t\t\t<div class=\"elementor-widget-container\">\n\t\t\t<h4 class=\"elementor-heading-title elementor-size-default\"><a href=\"https:\/\/www.manuracks.fr\/?page_id=1749\">Rayonnage Cantilever<\/a><\/h4>\t\t<\/div>\n\t\t\t\t<\/div>\n\t\t\t\t\t<\/div>\n\t\t<\/div>\n\t\t\t\t<div class=\"elementor-column elementor-col-33 elementor-top-column elementor-element elementor-element-f65199d\" data-id=\"f65199d\" data-element_type=\"column\">\n\t\t\t<div class=\"elementor-widget-wrap elementor-element-populated\">\n\t\t\t\t\t\t\t\t<div class=\"elementor-element elementor-element-69e0c6f elementor-widget elementor-widget-image\" data-id=\"69e0c6f\" data-element_type=\"widget\" data-widget_type=\"image.default\">\n\t\t\t\t<div class=\"elementor-widget-container\">\n\t\t\t\t\t\t\t\t\t\t\t\t\t\t\t<img decoding=\"async\" width=\"229\" height=\"148\" src=\"https:\/\/www.manuracks.fr\/wp-content\/uploads\/2023\/02\/rayonnage_picking_mi_lourd.jpg\" class=\"attachment-large size-large wp-image-215\" alt=\"\" loading=\"lazy\" \/>\t\t\t\t\t\t\t\t\t\t\t\t\t\t\t<\/div>\n\t\t\t\t<\/div>\n\t\t\t\t<div class=\"elementor-element elementor-element-064bc49 elementor-widget elementor-widget-heading\" data-id=\"064bc49\" data-element_type=\"widget\" data-widget_type=\"heading.default\">\n\t\t\t\t<div class=\"elementor-widget-container\">\n\t\t\t<h4 class=\"elementor-heading-title elementor-size-default\"><a href=\"https:\/\/www.manuracks.fr\/?page_id=1410\">Rayonnage Picking Mi-Lourd<\/a><\/h4>\t\t<\/div>\n\t\t\t\t<\/div>\n\t\t\t\t\t<\/div>\n\t\t<\/div>\n\t\t\t\t\t\t\t<\/div>\n\t\t<\/section>\n\t\t\t\t<section class=\"elementor-section elementor-top-section elementor-element elementor-element-e2072a0 elementor-section-boxed elementor-section-height-default elementor-section-height-default\" data-id=\"e2072a0\" data-element_type=\"section\">\n\t\t\t\t\t\t<div class=\"elementor-container elementor-column-gap-default\">\n\t\t\t\t\t<div class=\"elementor-column elementor-col-33 elementor-top-column elementor-element elementor-element-36ffdc0\" data-id=\"36ffdc0\" data-element_type=\"column\">\n\t\t\t<div class=\"elementor-widget-wrap elementor-element-populated\">\n\t\t\t\t\t\t\t\t<div class=\"elementor-element elementor-element-82b036b elementor-widget elementor-widget-image\" data-id=\"82b036b\" data-element_type=\"widget\" data-widget_type=\"image.default\">\n\t\t\t\t<div class=\"elementor-widget-container\">\n\t\t\t\t\t\t\t\t\t\t\t\t\t\t\t<img decoding=\"async\" width=\"229\" height=\"180\" src=\"https:\/\/www.manuracks.fr\/wp-content\/uploads\/2023\/01\/1355435119_photo30.jpg\" class=\"attachment-large size-large wp-image-12\" alt=\"\" loading=\"lazy\" \/>\t\t\t\t\t\t\t\t\t\t\t\t\t\t\t<\/div>\n\t\t\t\t<\/div>\n\t\t\t\t<div class=\"elementor-element elementor-element-77f5394 elementor-widget elementor-widget-heading\" data-id=\"77f5394\" data-element_type=\"widget\" data-widget_type=\"heading.default\">\n\t\t\t\t<div class=\"elementor-widget-container\">\n\t\t\t<h4 class=\"elementor-heading-title elementor-size-default\"><a href=\"https:\/\/www.manuracks.fr\/?page_id=1402\">Rayonnage Picking l\u00e9ger<\/a><\/h4>\t\t<\/div>\n\t\t\t\t<\/div>\n\t\t\t\t\t<\/div>\n\t\t<\/div>\n\t\t\t\t<div class=\"elementor-column elementor-col-33 elementor-top-column elementor-element elementor-element-7c5dfb1\" data-id=\"7c5dfb1\" data-element_type=\"column\">\n\t\t\t<div class=\"elementor-widget-wrap elementor-element-populated\">\n\t\t\t\t\t\t\t\t<div class=\"elementor-element elementor-element-954e1ee elementor-widget elementor-widget-image\" data-id=\"954e1ee\" data-element_type=\"widget\" data-widget_type=\"image.default\">\n\t\t\t\t<div class=\"elementor-widget-container\">\n\t\t\t\t\t\t\t\t\t\t\t\t\t\t\t<img decoding=\"async\" width=\"350\" height=\"220\" src=\"https:\/\/www.manuracks.fr\/wp-content\/uploads\/2024\/05\/8eb3c95f-2be9-4b4b-9557-630c166bfa7e-002-350x220.png\" class=\"attachment-vega-post-thumbnail-recent size-vega-post-thumbnail-recent wp-image-2689\" alt=\"\" loading=\"lazy\" \/>\t\t\t\t\t\t\t\t\t\t\t\t\t\t\t<\/div>\n\t\t\t\t<\/div>\n\t\t\t\t<div class=\"elementor-element elementor-element-103f33f elementor-widget elementor-widget-heading\" data-id=\"103f33f\" data-element_type=\"widget\" data-widget_type=\"heading.default\">\n\t\t\t\t<div class=\"elementor-widget-container\">\n\t\t\t<h4 class=\"elementor-heading-title elementor-size-default\"><a href=\"https:\/\/www.manuracks.fr\/?p=1230\">Mezzanine Industrielle<\/a><\/h4>\t\t<\/div>\n\t\t\t\t<\/div>\n\t\t\t\t\t<\/div>\n\t\t<\/div>\n\t\t\t\t<div class=\"elementor-column elementor-col-33 elementor-top-column elementor-element elementor-element-c1952e0\" data-id=\"c1952e0\" data-element_type=\"column\">\n\t\t\t<div class=\"elementor-widget-wrap elementor-element-populated\">\n\t\t\t\t\t\t\t\t<div class=\"elementor-element elementor-element-be74728 elementor-widget elementor-widget-image\" data-id=\"be74728\" data-element_type=\"widget\" data-widget_type=\"image.default\">\n\t\t\t\t<div class=\"elementor-widget-container\">\n\t\t\t\t\t\t\t\t\t\t\t\t\t\t\t<img decoding=\"async\" width=\"410\" height=\"333\" src=\"https:\/\/www.manuracks.fr\/wp-content\/uploads\/2023\/09\/Manurack-1.png\" class=\"attachment-large size-large wp-image-2500\" alt=\"\" loading=\"lazy\" srcset=\"https:\/\/www.manuracks.fr\/wp-content\/uploads\/2023\/09\/Manurack-1.png 410w, https:\/\/www.manuracks.fr\/wp-content\/uploads\/2023\/09\/Manurack-1-300x244.png 300w\" sizes=\"(max-width: 410px) 100vw, 410px\" \/>\t\t\t\t\t\t\t\t\t\t\t\t\t\t\t<\/div>\n\t\t\t\t<\/div>\n\t\t\t\t<div class=\"elementor-element elementor-element-34e0189 elementor-widget elementor-widget-heading\" data-id=\"34e0189\" data-element_type=\"widget\" data-widget_type=\"heading.default\">\n\t\t\t\t<div class=\"elementor-widget-container\">\n\t\t\t<h4 class=\"elementor-heading-title elementor-size-default\"><a href=\"https:\/\/www.manuracks.fr\/?p=2494\">Manurack<\/a><\/h4>\t\t<\/div>\n\t\t\t\t<\/div>\n\t\t\t\t\t<\/div>\n\t\t<\/div>\n\t\t\t\t\t\t\t<\/div>\n\t\t<\/section>\n\t\t\t\t<section class=\"elementor-section elementor-top-section elementor-element elementor-element-a80d094 elementor-section-boxed elementor-section-height-default elementor-section-height-default\" data-id=\"a80d094\" data-element_type=\"section\">\n\t\t\t\t\t\t<div class=\"elementor-container elementor-column-gap-default\">\n\t\t\t\t\t<div class=\"elementor-column elementor-col-100 elementor-top-column elementor-element elementor-element-6cd79e7\" data-id=\"6cd79e7\" data-element_type=\"column\">\n\t\t\t<div class=\"elementor-widget-wrap elementor-element-populated\">\n\t\t\t\t\t\t\t\t<div class=\"elementor-element elementor-element-41ef1e3 elementor-widget elementor-widget-heading\" data-id=\"41ef1e3\" data-element_type=\"widget\" data-widget_type=\"heading.default\">\n\t\t\t\t<div class=\"elementor-widget-container\">\n\t\t\t<h4 class=\"elementor-heading-title elementor-size-default\"><a href=\"https:\/\/www.manuracks.fr\/?page_id=1338\">Accessoires S\u00e9curit\u00e9 et Ergonomie<\/a><\/h4>\t\t<\/div>\n\t\t\t\t<\/div>\n\t\t\t\t\t<\/div>\n\t\t<\/div>\n\t\t\t\t\t\t\t<\/div>\n\t\t<\/section>\n\t\t\t\t\t\t\t<\/div>\n\t\t","protected":false},"excerpt":{"rendered":"<p>Retour Rayonnage \u00e0 Palette Rayonnage Cantilever Rayonnage Picking Mi-Lourd Rayonnage Picking l\u00e9ger Mezzanine Industrielle Manurack Accessoires S\u00e9curit\u00e9 et Ergonomie<\/p>\n","protected":false},"author":4,"featured_media":0,"parent":0,"menu_order":0,"comment_status":"closed","ping_status":"closed","template":"","meta":[],"_links":{"self":[{"href":"https:\/\/www.manuracks.fr\/index.php?rest_route=\/wp\/v2\/pages\/211"}],"collection":[{"href":"https:\/\/www.manuracks.fr\/index.php?rest_route=\/wp\/v2\/pages"}],"about":[{"href":"https:\/\/www.manuracks.fr\/index.php?rest_route=\/wp\/v2\/types\/page"}],"author":[{"embeddable":true,"href":"https:\/\/www.manuracks.fr\/index.php?rest_route=\/wp\/v2\/users\/4"}],"replies":[{"embeddable":true,"href":"https:\/\/www.manuracks.fr\/index.php?rest_route=%2Fwp%2Fv2%2Fcomments&post=211"}],"version-history":[{"count":127,"href":"https:\/\/www.manuracks.fr\/index.php?rest_route=\/wp\/v2\/pages\/211\/revisions"}],"predecessor-version":[{"id":2765,"href":"https:\/\/www.manuracks.fr\/index.php?rest_route=\/wp\/v2\/pages\/211\/revisions\/2765"}],"wp:attachment":[{"href":"https:\/\/www.manuracks.fr\/index.php?rest_route=%2Fwp%2Fv2%2Fmedia&parent=211"}],"curies":[{"name":"wp","href":"https:\/\/api.w.org\/{rel}","templated":true}]}}